{"id":252,"date":"2025-02-20T09:25:32","date_gmt":"2025-02-20T09:25:32","guid":{"rendered":"https:\/\/www.lafinca-stolzenhagen.de\/index.php\/home\/"},"modified":"2025-02-20T09:25:33","modified_gmt":"2025-02-20T09:25:33","slug":"home","status":"publish","type":"page","link":"https:\/\/www.lafinca-stolzenhagen.de\/","title":{"rendered":"Home"},"content":{"rendered":"<div class=\"\" style=\"\" >\n  \n    <section class=\"u-clearfix u-section-1\" id=\"block-1\">\n      <div class=\"u-clearfix u-sheet u-sheet-1\"><\/div>\n    <\/section>\n    <section class=\"u-align-center u-clearfix u-container-align-center u-image u-shading u-section-2\" id=\"block-2\" data-image-width=\"1351\" data-image-height=\"476\" style=\"background-image: linear-gradient(0deg, rgba(0, 0, 0, 0.02), rgba(0, 0, 0, 0.02)), url(&quot;https:\/\/www.lafinca-stolzenhagen.de\/wp-content\/uploads\/2025\/02\/Haus-Logo-9.jpg&quot;);\">\n      <div class=\"u-clearfix u-sheet u-sheet-1\"><\/div>\n    <\/section>\n    <section class=\"u-clearfix u-custom-color-2 u-valign-middle-md u-valign-middle-sm u-section-3\" id=\"carousel_fb69\">\n      <div class=\"u-clearfix u-sheet u-valign-middle-md u-valign-middle-sm u-valign-middle-xs u-sheet-1\">\n        <div class=\"custom-expanded data-layout-selected u-clearfix u-expanded-width-md u-expanded-width-sm u-gutter-0 u-layout-wrap u-layout-wrap-1\">\n          <div class=\"u-gutter-0 u-layout\">\n            <div class=\"u-layout-row\">\n              <div class=\"u-container-style u-custom-color-1 u-layout-cell u-shading u-size-60 u-layout-cell-1\">\n                <div class=\"u-container-layout u-valign-middle-lg u-valign-middle-xl u-container-layout-1\">\n                  <p class=\"u-align-center u-text u-text-1\">\n                    <span style=\"font-size: 1.125rem;\">Inmitten des gem\u00fctlichen Dorfkerns des Wandlitzer Ortsteils\nStolzenhagen gelegen, befindet sich das alte Bauernhaus, <\/span>das vor \u00fcber 120\nJahren im typischen Baustil dieser Region errichtet wurde. In der Finca de Don\nQuijote wohnen G\u00e4ste in liebevoll hergerichteten Ferienwohnungen, wie\nbeispielsweise in der ausgebauten Dachgeschosswohnung, die im Landhausstil\neingerichtet ist und in der alte Dachbalken l\u00e4ndlichen Charme verspr\u00fchen. Ein&nbsp; Hauch la Mancha weht durch die Finca, denn der Hausherr Fernandez\nhat spanische Wurzeln.<br> Aktuell bieten wir drei G\u00e4stezimmer (1DZ, 2 MBZ),&nbsp; drei Ferienwohnungen und ein Blockhaus&nbsp; zur\nVermietung an, inklusive Bettw\u00e4sche, Handt\u00fccher, WLAN, TV und Sommergarten\nmit Grillplatz.<br>\n                    <br>\n                    <span style=\"font-weight: 700;\">Im Sommer 2025 wird unsere kleine <\/span>\n                    <br>\n                    <span style=\"font-weight: 700;\">Tapas-Bar \"Don Quijote\" <\/span>\n                    <br>\n                    <span style=\"font-weight: 700;\">und die Kulturscheune wiederer\u00f6ffnet.<\/span>\n                    <br>\n                  <\/p>\n                <\/div>\n              <\/div>\n            <\/div>\n          <\/div>\n        <\/div>\n      <\/div>\n    <\/section>\n    <section class=\"u-clearfix u-white u-section-4\" id=\"sec-8d99\">\n      <div class=\"u-clearfix u-sheet u-valign-middle-lg u-valign-middle-xl u-sheet-1\">\n        <h2 class=\"u-align-center u-custom-font u-text u-text-default-lg u-text-default-xl u-text-font u-text-1\">\u00dcbersicht unseres Angebots<br>\n        <\/h2>\n        <div class=\"u-container-style u-custom-color-1 u-expanded-width-lg u-expanded-width-sm u-expanded-width-xl u-expanded-width-xs u-group u-group-1\">\n          <div class=\"u-container-layout u-container-layout-1\">\n            <a href=\"#\" class=\"u-active-black u-align-center u-border-none u-btn u-btn-round u-button-style u-hover-black u-none u-radius-50 u-text-active-white u-text-hover-white u-btn-1\">Kontaktiere uns<\/a>\n          <\/div>\n        <\/div>\n        <div class=\"custom-expanded u-gallery u-layout-grid u-lightbox u-no-transition u-show-text-on-hover u-gallery-1\">\n          <div class=\"u-gallery-inner u-gallery-inner-1\">\n            <div class=\"u-effect-fade u-gallery-item\">\n              <div class=\"u-back-slide\" data-image-width=\"267\" data-image-height=\"150\">\n                <img decoding=\"async\" class=\"u-back-image u-expanded\" src=\"https:\/\/www.lafinca-stolzenhagen.de\/wp-content\/uploads\/2025\/02\/Bett-9.jpg\">\n              <\/div>\n              <div class=\"u-over-slide u-shading u-over-slide-1\"><\/div>\n            <\/div>\n            <div class=\"u-effect-fade u-gallery-item\" data-image-width=\"1920\" data-image-height=\"1280\">\n              <div class=\"u-back-slide\" data-image-width=\"1200\" data-image-height=\"675\">\n                <img decoding=\"async\" class=\"u-back-image u-expanded\" src=\"https:\/\/www.lafinca-stolzenhagen.de\/wp-content\/uploads\/2025\/02\/DonQuijote_Aussenansicht4_skaliert-1200x675-10.jpg\">\n              <\/div>\n              <div class=\"u-over-slide u-shading u-over-slide-2\"><\/div>\n            <\/div>\n            <div class=\"u-effect-fade u-gallery-item\">\n              <div class=\"u-back-slide\" data-image-width=\"680\" data-image-height=\"383\">\n                <img decoding=\"async\" class=\"u-back-image u-expanded\" src=\"https:\/\/www.lafinca-stolzenhagen.de\/wp-content\/uploads\/2025\/02\/DonQuijote_Schlafzimmer2_skaliert-680x383-10.jpg\">\n              <\/div>\n              <div class=\"u-over-slide u-shading u-over-slide-3\"><\/div>\n            <\/div>\n            <div class=\"u-effect-fade u-gallery-item\">\n              <div class=\"u-back-slide\" data-image-width=\"680\" data-image-height=\"383\">\n                <img decoding=\"async\" class=\"u-back-image u-expanded\" src=\"https:\/\/www.lafinca-stolzenhagen.de\/wp-content\/uploads\/2025\/02\/DonQuijote_Aussenansicht3_skaliert-680x383-10.jpg\">\n              <\/div>\n              <div class=\"u-over-slide u-shading u-over-slide-4\"><\/div>\n            <\/div>\n            <div class=\"u-effect-fade u-gallery-item\">\n              <div class=\"u-back-slide\" data-image-width=\"1440\" data-image-height=\"1440\">\n                <img decoding=\"async\" class=\"u-back-image u-expanded\" src=\"https:\/\/www.lafinca-stolzenhagen.de\/wp-content\/uploads\/2025\/02\/Foto-aussen-kurze-Seite-9.jpg\">\n              <\/div>\n              <div class=\"u-over-slide u-shading u-over-slide-5\"><\/div>\n            <\/div>\n            <div class=\"u-effect-fade u-gallery-item\">\n              <div class=\"u-back-slide\" data-image-width=\"1440\" data-image-height=\"1080\">\n                <img decoding=\"async\" class=\"u-back-image u-expanded\" src=\"https:\/\/www.lafinca-stolzenhagen.de\/wp-content\/uploads\/2025\/02\/Innenhof-9.jpg\">\n              <\/div>\n              <div class=\"u-over-slide u-shading u-over-slide-6\"><\/div>\n            <\/div>\n          <\/div>\n        <\/div>\n      <\/div>\n    <\/section>\n    <section class=\"u-clearfix u-custom-color-1 u-section-5\" id=\"carousel_b96d\">\n      <div class=\"u-clearfix u-sheet u-valign-middle-lg u-valign-middle-md u-valign-middle-sm u-valign-middle-xl u-sheet-1\">\n        <div class=\"data-layout-selected u-clearfix u-expanded-width u-layout-wrap u-layout-wrap-1\">\n          <div class=\"u-gutter-0 u-layout\">\n            <div class=\"u-layout-row\">\n              <div class=\"u-container-style u-custom-color-2 u-layout-cell u-shading u-size-60 u-layout-cell-1\">\n                <div class=\"u-container-layout u-container-layout-1\">\n                  <h2 class=\"u-custom-font u-text u-text-default u-text-font u-text-1\">Kontakt<\/h2>\n                  <p class=\"u-custom-font u-text u-text-font u-text-2\">\n                    <span style=\"font-size: 1.5rem;\"><\/span>\n                    <span style=\"font-size: 1.5rem;\">Telefon 0172 - 30 99 750<\/span>\n                    <span style=\"font-size: 1.5rem;\">&nbsp;<\/span>\n                  <\/p>\n                  <span class=\"u-file-icon u-icon u-text-white u-icon-1\" data-href=\"https:\/\/www.facebook.com\/fincadonquijote\" data-target=\"_blank\"><img decoding=\"async\" src=\"https:\/\/www.lafinca-stolzenhagen.de\/wp-content\/uploads\/2025\/02\/0eee392a-9.png\" alt=\"\"><\/span>\n                  <p class=\"u-custom-font u-text u-text-font u-text-3\">\n                    <span style=\"font-weight: 700;\"><\/span>Mail info@lafinca-stolzenhagen.de \n                  <\/p>\n                  <a href=\"https:\/\/www.lafinca-stolzenhagen.de\/index.php\/impressum\/\" class=\"u-border-none u-btn u-btn-round u-button-style u-hover-palette-5-light-2 u-radius u-white u-btn-1\" title=\"Impressum\">Anfahrt - Impressum<\/a>\n                <\/div>\n              <\/div>\n            <\/div>\n          <\/div>\n        <\/div>\n      <\/div>\n    <\/section>\n    \n    \n    \n    \n  \n<\/div>","protected":false},"excerpt":{"rendered":"<p>Inmitten des gem\u00fctlichen Dorfkerns des Wandlitzer Ortsteils Stolzenhagen gelegen, befindet sich das alte Bauernhaus, das vor \u00fcber 120 Jahren im typischen Baustil dieser Region errichtet wurde. In der Finca de Don Quijote wohnen G\u00e4ste in liebevoll hergerichteten Ferienwohnungen, wie beispielsweise in der ausgebauten Dachgeschosswohnung, die im Landhausstil eingerichtet ist und in der alte Dachbalken l\u00e4ndlichen [&hellip;]<\/p>\n","protected":false},"author":1,"featured_media":0,"parent":0,"menu_order":2,"comment_status":"closed","ping_status":"closed","template":"","meta":{"footnotes":""},"class_list":["post-252","page","type-page","status-publish","hentry"],"_links":{"self":[{"href":"https:\/\/www.lafinca-stolzenhagen.de\/index.php\/wp-json\/wp\/v2\/pages\/252","targetHints":{"allow":["GET"]}}],"collection":[{"href":"https:\/\/www.lafinca-stolzenhagen.de\/index.php\/wp-json\/wp\/v2\/pages"}],"about":[{"href":"https:\/\/www.lafinca-stolzenhagen.de\/index.php\/wp-json\/wp\/v2\/types\/page"}],"author":[{"embeddable":true,"href":"https:\/\/www.lafinca-stolzenhagen.de\/index.php\/wp-json\/wp\/v2\/users\/1"}],"replies":[{"embeddable":true,"href":"https:\/\/www.lafinca-stolzenhagen.de\/index.php\/wp-json\/wp\/v2\/comments?post=252"}],"version-history":[{"count":1,"href":"https:\/\/www.lafinca-stolzenhagen.de\/index.php\/wp-json\/wp\/v2\/pages\/252\/revisions"}],"predecessor-version":[{"id":254,"href":"https:\/\/www.lafinca-stolzenhagen.de\/index.php\/wp-json\/wp\/v2\/pages\/252\/revisions\/254"}],"wp:attachment":[{"href":"https:\/\/www.lafinca-stolzenhagen.de\/index.php\/wp-json\/wp\/v2\/media?parent=252"}],"curies":[{"name":"wp","href":"https:\/\/api.w.org\/{rel}","templated":true}]}}